{"id":269,"date":"2011-06-14T18:00:34","date_gmt":"2011-06-14T16:00:34","guid":{"rendered":"http:\/\/coming-up.net\/?page_id=269"},"modified":"2024-08-21T11:35:10","modified_gmt":"2024-08-21T09:35:10","slug":"presse-artikel-coming-up","status":"publish","type":"page","link":"https:\/\/coming-up.net\/?page_id=269","title":{"rendered":"Presse-Artikel Coming up"},"content":{"rendered":"<p>Zusammen sind sie 340 Jahre alt &#8211; aber weil sie zwanzig Leute sind, sind sie doch wieder sehr jung ;-)! Und daf\u00fcr spielt die Bigband des Wilhelm-Hofmann-Gymnasiums St. Goarshausen schon ganz munter mit im Reigen der Gro\u00dfen,\u00a0 immer sympathisch und mit Liebe zur Sache. Das zeigen die mehrmaligen Skoda-Jazzpreistr\u00e4ger in jeder Generation aufs Neue.<\/p>\n<p>Gespielt wird in der klassischen Bigband-Besetzung: 5 Saxophone, 4 Trompeten, 4 Posaunen, Piano, Bass, Gitarre, Schlagzeug, Percussion und je nach Bedarf mit Gesang.<br \/>\nGeprobt wird einmal in der Woche zwei Schulstunden, am Mittwoch Nachmittag und ein bis zweimal im Jahr an mehrt\u00e4gigen Probewochenenden. \u00dcber das Jahr verteilt finden \u00f6ffentliche Auftritte und Konzerte in der Region und Konzertreisen statt.<\/p>\n<p>Der Zusammenhalt innerhalb der Formation zeigt sich bei den alle 5 Jahre stattfindenden &#8222;Revivals&#8220; und in einem eigenen Ehemaligen-Verein, der \u201cComing Up \u2013 Mittelrhein Jazz Academy&#8220;, der 2022 aus den Reihen der Coming Up-Ehemaligen zur Unterst\u00fctzung ihrer Schulband gegr\u00fcndet wurde.<\/p>\n<p>Im Welterbe Oberes Mittelrheintal will &#8222;Coming Up&#8220; das Kulturerbe mit zeitgem\u00e4\u00dfem musikalischem Leben ausf\u00fcllen und so zur Weiterentwicklung der Region beitragen. Die Ehemaligen unterst\u00fctzen ebenso die Aktiven bei Auftritten in der Region.<\/p>\n<p>Unter Leitung ihres Lehrers Frank Reichert intoniert &#8222;Coming Up&#8220; peppig-poppige Bigband-Variationen.\u00a0 Quer durch alle Stilrichtungen wird gegrooved und geswingt: von Swing Standards \u00fcber jazzig arrangierte Rock- und Pop Klassiker.<\/p>\n<p>Der Spa\u00df der &#8222;Empork\u00f6mmlinge&#8220; \u00fcbertr\u00e4gt sich auf ihre H\u00f6rer, und deshalb bekommt &#8222;Coming Up&#8220; die Note eins im Fach Musik.<\/p>\n<div id=\"facebook_like\"><iframe src=\"http:\/\/www.facebook.com\/plugins\/like.php?href=https%3A%2F%2Fcoming-up.net%2F%3Fpage_id%3D269&amp;layout=standard&amp;show_faces=true&amp;width=500&amp;action=like&amp;font=segoe+ui&amp;colorscheme=light&amp;height=80\" scrolling=\"no\" frameborder=\"0\" style=\"border:none; overflow:hidden; width:500px; height:80px;\" allowTransparency=\"true\"><\/iframe><\/div>","protected":false},"excerpt":{"rendered":"<p>Zusammen sind sie 340 Jahre alt &#8211; aber weil sie zwanzig Leute sind, sind sie doch wieder sehr jung ;-)! Und daf\u00fcr spielt die Bigband des Wilhelm-Hofmann-Gymnasiums St. Goarshausen schon ganz munter mit im Reigen der Gro\u00dfen,\u00a0 immer sympathisch und mit Liebe zur Sache. Das zeigen die mehrmaligen Skoda-Jazzpreistr\u00e4ger in jeder Generation aufs Neue. Gespielt &hellip; <a href=\"https:\/\/coming-up.net\/?page_id=269\" class=\"more-link\"><span class=\"screen-reader-text\">Presse-Artikel Coming up<\/span> weiterlesen <span class=\"meta-nav\">&rarr;<\/span><\/a><\/p>\n","protected":false},"author":1,"featured_media":0,"parent":241,"menu_order":2,"comment_status":"closed","ping_status":"closed","template":"","meta":{"footnotes":""},"class_list":["post-269","page","type-page","status-publish","hentry"],"_links":{"self":[{"href":"https:\/\/coming-up.net\/index.php?rest_route=\/wp\/v2\/pages\/269","targetHints":{"allow":["GET"]}}],"collection":[{"href":"https:\/\/coming-up.net\/index.php?rest_route=\/wp\/v2\/pages"}],"about":[{"href":"https:\/\/coming-up.net\/index.php?rest_route=\/wp\/v2\/types\/page"}],"author":[{"embeddable":true,"href":"https:\/\/coming-up.net\/index.php?rest_route=\/wp\/v2\/users\/1"}],"replies":[{"embeddable":true,"href":"https:\/\/coming-up.net\/index.php?rest_route=%2Fwp%2Fv2%2Fcomments&post=269"}],"version-history":[{"count":8,"href":"https:\/\/coming-up.net\/index.php?rest_route=\/wp\/v2\/pages\/269\/revisions"}],"predecessor-version":[{"id":2619,"href":"https:\/\/coming-up.net\/index.php?rest_route=\/wp\/v2\/pages\/269\/revisions\/2619"}],"up":[{"embeddable":true,"href":"https:\/\/coming-up.net\/index.php?rest_route=\/wp\/v2\/pages\/241"}],"wp:attachment":[{"href":"https:\/\/coming-up.net\/index.php?rest_route=%2Fwp%2Fv2%2Fmedia&parent=269"}],"curies":[{"name":"wp","href":"https:\/\/api.w.org\/{rel}","templated":true}]}}