{"id":241,"date":"2011-06-14T12:09:52","date_gmt":"2011-06-14T10:09:52","guid":{"rendered":"http:\/\/coming-up.net\/?page_id=241"},"modified":"2024-08-14T10:51:01","modified_gmt":"2024-08-14T08:51:01","slug":"veranstalter-kit","status":"publish","type":"page","link":"https:\/\/coming-up.net\/?page_id=241","title":{"rendered":"Veranstalter-Kit"},"content":{"rendered":"\n<h2 class=\"wp-block-heading\"><a href=\"https:\/\/coming-up.net\/wp-content\/uploads\/trlcup.jpg\"><img loading=\"lazy\" decoding=\"async\" title=\"trlcup\" class=\"alignleft size-full wp-image-135\" src=\"https:\/\/coming-up.net\/wp-content\/uploads\/trlcup.jpg\" alt=\"\" width=\"495\" height=\"2\"><\/a><span style=\"color: #ff9900;\">B\u00fchnenplan<\/span><\/h2>\n\n\n\n<p class=\"has-text-align-left\"><span style=\"color: #ff9900;\">&nbsp;<\/span><\/p>\n\n\n<div class=\"wp-block-image\">\n<figure class=\"alignleft\"><a href=\"https:\/\/coming-up.net\/wp-content\/uploads\/B\u00fchnenplan-details-gro\u00df.jpg\"><img loading=\"lazy\" decoding=\"async\" width=\"300\" height=\"180\" src=\"https:\/\/coming-up.net\/wp-content\/uploads\/B\u00fchnenplan-details-gro\u00df-300x180.jpg\" alt=\"\" class=\"wp-image-248\" srcset=\"https:\/\/coming-up.net\/wp-content\/uploads\/B\u00fchnenplan-details-gro\u00df-300x180.jpg 300w, https:\/\/coming-up.net\/wp-content\/uploads\/B\u00fchnenplan-details-gro\u00df-1024x617.jpg 1024w\" sizes=\"auto, (max-width: 300px) 100vw, 300px\" \/><\/a><figcaption class=\"wp-element-caption\">B\u00fchnenplan<\/figcaption><\/figure>\n<\/div>\n\n\n<p class=\"has-text-align-left\"><a href=\"https:\/\/coming-up.net\/wp-content\/uploads\/uehnenplan-coming-up.pdf\">B\u00fchnenplan als pdf-Datei<\/a><\/p>\n\n\n\n<h3 class=\"wp-block-heading\"><a href=\"https:\/\/coming-up.net\/wp-content\/uploads\/trlcup.jpg\"><img loading=\"lazy\" decoding=\"async\" title=\"trlcup\" src=\"https:\/\/coming-up.net\/wp-content\/uploads\/trlcup.jpg\" alt=\"\" width=\"495\" height=\"2\"><\/a><\/h3>\n\n\n\n<h3 class=\"wp-block-heading\"><span style=\"color: #ff9900;\">Fotos <\/span><\/h3>\n\n\n\n<p><a href=\"https:\/\/www.dropbox.com\/scl\/fo\/3ts12auf6udj9zfo7vcw6\/AN3bfk_6z6E6_A7e7F_7xOo?rlkey=d9bt8ecxsf1fmxcrkei29aacg&amp;st=rz1k581b&amp;dl=0\">hier gibt es printf\u00e4hige Fotos<\/a><\/p>\n\n\n<div class=\"wp-block-image\">\n<figure class=\"alignleft size-large is-resized\"><a href=\"https:\/\/coming-up.net\/wp-content\/uploads\/Coming_Up-9-scaled.jpg\"><img loading=\"lazy\" decoding=\"async\" src=\"https:\/\/coming-up.net\/wp-content\/uploads\/Coming_Up-9-1024x662.jpg\" alt=\"\" class=\"wp-image-2502\" width=\"501\" height=\"324\" srcset=\"https:\/\/coming-up.net\/wp-content\/uploads\/Coming_Up-9-1024x662.jpg 1024w, https:\/\/coming-up.net\/wp-content\/uploads\/Coming_Up-9-300x194.jpg 300w, https:\/\/coming-up.net\/wp-content\/uploads\/Coming_Up-9-768x496.jpg 768w, https:\/\/coming-up.net\/wp-content\/uploads\/Coming_Up-9-1536x992.jpg 1536w\" sizes=\"auto, (max-width: 501px) 100vw, 501px\" \/><\/a><\/figure>\n<\/div>\n\n\n<p class=\"has-text-align-left\">  <\/p>\n\n\n\n<h3 class=\"wp-block-heading\"><a href=\"https:\/\/coming-up.net\/wp-content\/uploads\/trlcup.jpg\"><img loading=\"lazy\" decoding=\"async\" class=\"alignleft size-full wp-image-135\" title=\"trlcup\" src=\"https:\/\/coming-up.net\/wp-content\/uploads\/trlcup.jpg\" alt=\"\" width=\"495\" height=\"2\"><\/a><\/h3>\n\n\n\n<h3 class=\"wp-block-heading\"><span style=\"color: #ff9900;\">Presse<\/span><\/h3>\n\n\n\n<p><a href=\"https:\/\/coming-up.net\/?page_id=269\">Presse-Artikel Coming up<\/a><\/p>\n\n\n\n<p><a href=\"https:\/\/coming-up.net\/?page_id=276\">Presse-Artikel Nachwuchsband<\/a><\/p>\n\n\n\n<h3 class=\"wp-block-heading\"><a href=\"https:\/\/coming-up.net\/wp-content\/uploads\/trlcup.jpg\"><img loading=\"lazy\" decoding=\"async\" class=\"alignleft size-full wp-image-135\" title=\"trlcup\" src=\"https:\/\/coming-up.net\/wp-content\/uploads\/trlcup.jpg\" alt=\"\" width=\"495\" height=\"2\"><\/a><\/h3>\n\n\n\n<h3 class=\"wp-block-heading\"><a href=\"..\/wp-content\/uploads\/trlcup.jpg\"><\/a><\/h3>\n\n\n\n<h3 class=\"wp-block-heading\"><span style=\"color: #ff9900;\">Logos<\/span><\/h3>\n\n\n\n<p><a href=\"https:\/\/coming-up.net\/?page_id=280\">Coming up Logo<\/a><\/p>\n\n\n\n<p><a href=\"https:\/\/coming-up.net\/?page_id=282\">WHG-Logo<\/a><\/p>\n\n\n\n<h3 class=\"wp-block-heading\"><a href=\"https:\/\/coming-up.net\"><span style=\"color: #b2050c;\">Home <\/span><\/a><\/h3>\n\n\n\n<p><\/p>\n<div id=\"facebook_like\"><iframe src=\"http:\/\/www.facebook.com\/plugins\/like.php?href=https%3A%2F%2Fcoming-up.net%2F%3Fpage_id%3D241&amp;layout=standard&amp;show_faces=true&amp;width=500&amp;action=like&amp;font=segoe+ui&amp;colorscheme=light&amp;height=80\" scrolling=\"no\" frameborder=\"0\" style=\"border:none; overflow:hidden; width:500px; height:80px;\" allowTransparency=\"true\"><\/iframe><\/div>","protected":false},"excerpt":{"rendered":"<p>B\u00fchnenplan &nbsp; B\u00fchnenplan als pdf-Datei Fotos hier gibt es printf\u00e4hige Fotos Presse Presse-Artikel Coming up Presse-Artikel Nachwuchsband Logos Coming up Logo WHG-Logo Home<\/p>\n","protected":false},"author":1,"featured_media":0,"parent":17,"menu_order":1,"comment_status":"closed","ping_status":"closed","template":"","meta":{"footnotes":""},"class_list":["post-241","page","type-page","status-publish","hentry"],"_links":{"self":[{"href":"https:\/\/coming-up.net\/index.php?rest_route=\/wp\/v2\/pages\/241","targetHints":{"allow":["GET"]}}],"collection":[{"href":"https:\/\/coming-up.net\/index.php?rest_route=\/wp\/v2\/pages"}],"about":[{"href":"https:\/\/coming-up.net\/index.php?rest_route=\/wp\/v2\/types\/page"}],"author":[{"embeddable":true,"href":"https:\/\/coming-up.net\/index.php?rest_route=\/wp\/v2\/users\/1"}],"replies":[{"embeddable":true,"href":"https:\/\/coming-up.net\/index.php?rest_route=%2Fwp%2Fv2%2Fcomments&post=241"}],"version-history":[{"count":49,"href":"https:\/\/coming-up.net\/index.php?rest_route=\/wp\/v2\/pages\/241\/revisions"}],"predecessor-version":[{"id":2603,"href":"https:\/\/coming-up.net\/index.php?rest_route=\/wp\/v2\/pages\/241\/revisions\/2603"}],"up":[{"embeddable":true,"href":"https:\/\/coming-up.net\/index.php?rest_route=\/wp\/v2\/pages\/17"}],"wp:attachment":[{"href":"https:\/\/coming-up.net\/index.php?rest_route=%2Fwp%2Fv2%2Fmedia&parent=241"}],"curies":[{"name":"wp","href":"https:\/\/api.w.org\/{rel}","templated":true}]}}