{"id":2231,"date":"2022-08-20T11:35:17","date_gmt":"2022-08-20T09:35:17","guid":{"rendered":"https:\/\/coming-up.net\/?page_id=2231"},"modified":"2025-03-08T12:59:11","modified_gmt":"2025-03-08T10:59:11","slug":"coming-up-mittelrhein-jazz-academy","status":"publish","type":"page","link":"https:\/\/coming-up.net\/?page_id=2231","title":{"rendered":"Coming Up &#8211; Mittelrhein Jazz Academy e.V."},"content":{"rendered":"\n<p><\/p>\n\n\n\n<h2 class=\"wp-block-heading\" id=\"Academy\">Academy<\/h2>\n\n\n\n<p><\/p>\n\n\n\n<p>Die \u201cComing Up &#8211; Mittelrhein Jazz Academy e.V.\u201d versteht sich als eine Plattform der \u201cEhemaligen\u201d von \u201cComing Up\u201d und soll den seit 2002 stattfindenden Ehemaligen-Treffen (Revivals) eine stabile und ausbauf\u00e4hige Struktur geben.<\/p>\n\n\n\n<p>Der Verein ist beim Registergericht Koblenz unter der Register-Nummer VR 22005 eingetragen.<\/p>\n\n\n\n<p>Im Welterbe Oberes Mittelrheintal will die &#8222;Jazz Academy&#8220; das Kulturerbe mit zeitgem\u00e4\u00dfem musikalischem Leben ausf\u00fcllen und so zur Weiterentwicklung der Region beitragen.<\/p>\n\n\n\n<p>Projekte mit am Big Band Jazz interessierten Partnern k\u00f6nnen ebenfalls durchgef\u00fchrt werden.<\/p>\n\n\n\n<p><br>Basierend auf dem \u201cAlumni-Gedanken\u201d bzw. der Idee des \u201cGenerationen-Vertrags\u201d geben die Ehemaligen mit ihrer Mitgliedschaft \u201cihrer\u201d Band etwas zur\u00fcck und bleiben dabei Teil derselben. Die Mitglieder handeln dar\u00fcber hinaus in dem Bewusstsein, dass die Vereinsarbeit zum Thema Bigband und Jazz f\u00fcr die Weiterentwicklung ihrer Heimatregion am Mittelrhein einen wichtigen Beitrag leistet.<\/p>\n\n\n\n<figure class=\"wp-block-image size-large\"><a href=\"https:\/\/coming-up.net\/wp-content\/uploads\/Coming-Up-17-scaled.jpg\"><img loading=\"lazy\" decoding=\"async\" width=\"1024\" height=\"699\" src=\"https:\/\/coming-up.net\/wp-content\/uploads\/Coming-Up-17-1024x699.jpg\" alt=\"\" class=\"wp-image-2498\" srcset=\"https:\/\/coming-up.net\/wp-content\/uploads\/Coming-Up-17-1024x699.jpg 1024w, https:\/\/coming-up.net\/wp-content\/uploads\/Coming-Up-17-300x205.jpg 300w, https:\/\/coming-up.net\/wp-content\/uploads\/Coming-Up-17-768x524.jpg 768w, https:\/\/coming-up.net\/wp-content\/uploads\/Coming-Up-17-1536x1049.jpg 1536w, https:\/\/coming-up.net\/wp-content\/uploads\/Coming-Up-17-2048x1398.jpg 2048w\" sizes=\"auto, (max-width: 1024px) 100vw, 1024px\" \/><\/a><figcaption class=\"wp-element-caption\">Foto Dirk F\u00f6rger<\/figcaption><\/figure>\n\n\n\n\n\n<h2 class=\"wp-block-heading\" id=\"Aktivit\u00e4ten\">Aktivit\u00e4ten<\/h2>\n\n\n\n<hr class=\"wp-block-separator has-css-opacity\"\/>\n\n\n\n<p>Darum geht es uns:<\/p>\n\n\n<div class=\"wp-block-image\">\n<figure class=\"aligncenter\"><img decoding=\"async\" src=\"https:\/\/coming-up.net\/wp-content\/uploads\/grafik-2.png\" alt=\"Dieses Bild hat ein leeres Alt-Attribut. Der Dateiname ist grafik-2.png\"\/><\/figure>\n<\/div>\n\n\n<h2 class=\"wp-block-heading\" id=\"Aktuelles\">Aktuelles<\/h2>\n\n\n\n<p>Im <a href=\"https:www.coming-up.net\">Blog<\/a> der Website findet ihr die Aktivit\u00e4ten der Coming Up &#8211; Schulbigband des WHG und der Ehemaligen<\/p>\n\n\n\n<hr class=\"wp-block-separator aligncenter has-alpha-channel-opacity has-text-color has-background has-black-background-color has-black-color is-style-wide\" id=\"Ansonsten\"\/>\n\n\n\n<h2 class=\"wp-block-heading\">Ansonsten<\/h2>\n\n\n\n<h3 class=\"wp-block-heading\" id=\"History\">History<\/h3>\n\n\n\n<p><a href=\"https:\/\/coming-up.net\/?page_id=35\">Hier geht es zur den Projekten und Generationen der Bandgeschichte<\/a><\/p>\n\n\n\n<h3 class=\"wp-block-heading\" id=\"Mitglied-werden\">Mitglied werden<\/h3>\n\n\n\n<p><a href=\"https:\/\/easyverein.com\/public\/Cup\/applicationform\/\">Hier geht es zum Anmeldeformular<\/a><\/p>\n\n\n\n<h3 class=\"wp-block-heading\" id=\"Satzung\">Satzung &#8211; Coming Up &#8211; Mittelrhein Jazz Academy e.V.<\/h3>\n\n\n\n<div data-wp-interactive=\"core\/file\" class=\"wp-block-file\"><object data-wp-bind--hidden=\"!state.hasPdfPreview\" hidden class=\"wp-block-file__embed\" data=\"https:\/\/coming-up.net\/wp-content\/uploads\/Satzung-Jazz-Academy-mit-Beitraegen-.pdf\" type=\"application\/pdf\" style=\"width:100%;height:200px\" aria-label=\"Einbettung von Satzung-Jazz-Academy-mit-Beitr\u00e4gen.\"><\/object><a id=\"wp-block-file--media-fcbc9f92-9254-487f-a177-6c346c3b0b45\" href=\"https:\/\/coming-up.net\/wp-content\/uploads\/Satzung-Jazz-Academy-mit-Beitraegen-.pdf\">Satzung-Jazz-Academy-mit-Beitr\u00e4gen<\/a><a href=\"https:\/\/coming-up.net\/wp-content\/uploads\/Satzung-Jazz-Academy-mit-Beitraegen-.pdf\" class=\"wp-block-file__button wp-element-button\" download aria-describedby=\"wp-block-file--media-fcbc9f92-9254-487f-a177-6c346c3b0b45\">Herunterladen<\/a><\/div>\n\n\n\n<h2 class=\"wp-block-heading\" id=\"Vorstand\">Vorstand<\/h2>\n\n\n\n<ol class=\"wp-block-list\">\n<li>Vorsitzender: Frank Reichert<\/li>\n<\/ol>\n\n\n\n<ol class=\"wp-block-list\">\n<li>Stellvertreter: Dr. J\u00f6rg Zorbach<\/li>\n\n\n\n<li>Stellvertreter: Tobias Steil<\/li>\n<\/ol>\n<div id=\"facebook_like\"><iframe src=\"http:\/\/www.facebook.com\/plugins\/like.php?href=https%3A%2F%2Fcoming-up.net%2F%3Fpage_id%3D2231&amp;layout=standard&amp;show_faces=true&amp;width=500&amp;action=like&amp;font=segoe+ui&amp;colorscheme=light&amp;height=80\" scrolling=\"no\" frameborder=\"0\" style=\"border:none; overflow:hidden; width:500px; height:80px;\" allowTransparency=\"true\"><\/iframe><\/div>","protected":false},"excerpt":{"rendered":"<p>Academy Die \u201cComing Up &#8211; Mittelrhein Jazz Academy e.V.\u201d versteht sich als eine Plattform der \u201cEhemaligen\u201d von \u201cComing Up\u201d und soll den seit 2002 stattfindenden Ehemaligen-Treffen (Revivals) eine stabile und ausbauf\u00e4hige Struktur geben. Der Verein ist beim Registergericht Koblenz unter der Register-Nummer VR 22005 eingetragen. Im Welterbe Oberes Mittelrheintal will die &#8222;Jazz Academy&#8220; das Kulturerbe &hellip; <a href=\"https:\/\/coming-up.net\/?page_id=2231\" class=\"more-link\"><span class=\"screen-reader-text\">Coming Up &#8211; Mittelrhein Jazz Academy e.V.<\/span> weiterlesen <span class=\"meta-nav\">&rarr;<\/span><\/a><\/p>\n","protected":false},"author":1,"featured_media":0,"parent":0,"menu_order":0,"comment_status":"closed","ping_status":"closed","template":"","meta":{"footnotes":""},"class_list":["post-2231","page","type-page","status-publish","hentry"],"_links":{"self":[{"href":"https:\/\/coming-up.net\/index.php?rest_route=\/wp\/v2\/pages\/2231","targetHints":{"allow":["GET"]}}],"collection":[{"href":"https:\/\/coming-up.net\/index.php?rest_route=\/wp\/v2\/pages"}],"about":[{"href":"https:\/\/coming-up.net\/index.php?rest_route=\/wp\/v2\/types\/page"}],"author":[{"embeddable":true,"href":"https:\/\/coming-up.net\/index.php?rest_route=\/wp\/v2\/users\/1"}],"replies":[{"embeddable":true,"href":"https:\/\/coming-up.net\/index.php?rest_route=%2Fwp%2Fv2%2Fcomments&post=2231"}],"version-history":[{"count":37,"href":"https:\/\/coming-up.net\/index.php?rest_route=\/wp\/v2\/pages\/2231\/revisions"}],"predecessor-version":[{"id":2730,"href":"https:\/\/coming-up.net\/index.php?rest_route=\/wp\/v2\/pages\/2231\/revisions\/2730"}],"wp:attachment":[{"href":"https:\/\/coming-up.net\/index.php?rest_route=%2Fwp%2Fv2%2Fmedia&parent=2231"}],"curies":[{"name":"wp","href":"https:\/\/api.w.org\/{rel}","templated":true}]}}