{"id":1598,"date":"2018-10-11T13:11:50","date_gmt":"2018-10-11T11:11:50","guid":{"rendered":"https:\/\/coming-up.net\/?page_id=1598"},"modified":"2025-07-06T15:04:31","modified_gmt":"2025-07-06T13:04:31","slug":"datenschutzhinweis-fuer-teilnehmer-der-bigband-ag","status":"publish","type":"page","link":"https:\/\/coming-up.net\/?page_id=1598","title":{"rendered":"Datenschutzhinweis f\u00fcr Teilnehmer der Bigband-AG und f\u00fcr Vereinsmitglieder der Coming Up Mittelrhein Jazzacademy"},"content":{"rendered":"<p>Datenschutzhinweis nach DSGVO:<\/p>\n<p>Pers\u00f6nliche Daten, die bei der Anmeldung zur AG, beim Verein oder vor Konzertreisen, Probewochenenden etc. von den Teilnehmern erhoben werden, sind zur reibungslosen Durchf\u00fchrung der Projekte erforderlich. Mit der Abgabe der entsprechenden Daten oder mit der Anmeldung zur AG stimmen die Teilnehmer den Nutzungsbedingungen ausdr\u00fccklich zu. Die wichtigsten Infos zur Nutzung der erfassten Daten sind nachfolgend aufgelistet. Nicht vollj\u00e4hrige Teilnehmer zeigen die Datenschutzhinweise bitte einem Erziehungsberechtigten. Die pers\u00f6nlichen Daten werden auf Rechner und in einer Daten-Cloud gespeichert und bearbeitet. Die Daten werden im Rahmen der Projekte und Probenarbeit genutzt f\u00fcr:<\/p>\n<ul>\n<li>Versenden von Anmeldungen f\u00fcr Coming up-Projekte (Probewochenenden, Konzertreisen etc.)<\/li>\n<li>Versenden von Besetzungslisten<\/li>\n<li>Weitergabe personenbezogener Daten ggf. in der Kommunikation mit Dozenten<\/li>\n<li>Fotos und Videos auf der Coming up-Website, Instagram und Facebook<\/li>\n<li>Ver\u00f6ffentlichung von Besetzungslisten (Name und Instrument) auf der Homepage (Chronik)<\/li>\n<li>Organisation der Probewochenenden und Konzertreisen (Weitergabe der Namen, Alter, Geschlecht an die Jugendherbergen\/Hotels etc.\/Versicherungen\/Reiseb\u00fcros)<\/li>\n<li>Speicherung der Daten nach deinem Ausscheiden f\u00fcr evtl. Aushilfsanfragen und f\u00fcr die Chronik<\/li>\n<li>Weitergabe an Veranstalter f\u00fcr Presseinfos etc.<\/li>\n<li>Weitergabe von Namen, Wohnort und Instrument an die Presse f\u00fcr Berichterstattungen<\/li>\n<li>statistische Zwecke<\/li>\n<li>und \u00e4hnliche f\u00fcr die Bandarbeit n\u00f6tige Vorg\u00e4nge<\/li>\n<\/ul>\n<p>\u00dcber diese Nutzungs-Hinweise hinaus gelten die jeweils im Impressum der Coming upx-Homepage auf http:\/\/www.coming-up.net und f\u00fcr Sch\u00fclerInnen des WHG die auf der Homepage des <a href=\"http:\/\/www.whg-web.de\">Wilhelm-Hofman-Gymnasiums<\/a> &#8211; unserem Tr\u00e4ger &#8211; ver\u00f6ffentlichten Datenschutzhinweise.<\/p>\n<p>Nach der Anmeldung besteht das Recht, der Nutzung der Daten jederzeit \u00fcber die Mailadresse von Coming up zu widersprechen, die Teilnahme bei Coming up bzw. der Bigband-AG des Wilhelm-Hofmann-Gymnasiums ist dann nicht weiter m\u00f6glich.<\/p>\n<div id=\"facebook_like\"><iframe src=\"http:\/\/www.facebook.com\/plugins\/like.php?href=https%3A%2F%2Fcoming-up.net%2F%3Fpage_id%3D1598&amp;layout=standard&amp;show_faces=true&amp;width=500&amp;action=like&amp;font=segoe+ui&amp;colorscheme=light&amp;height=80\" scrolling=\"no\" frameborder=\"0\" style=\"border:none; overflow:hidden; width:500px; height:80px;\" allowTransparency=\"true\"><\/iframe><\/div>","protected":false},"excerpt":{"rendered":"<p>Datenschutzhinweis nach DSGVO: Pers\u00f6nliche Daten, die bei der Anmeldung zur AG, beim Verein oder vor Konzertreisen, Probewochenenden etc. von den Teilnehmern erhoben werden, sind zur reibungslosen Durchf\u00fchrung der Projekte erforderlich. Mit der Abgabe der entsprechenden Daten oder mit der Anmeldung zur AG stimmen die Teilnehmer den Nutzungsbedingungen ausdr\u00fccklich zu. Die wichtigsten Infos zur Nutzung der &hellip; <a href=\"https:\/\/coming-up.net\/?page_id=1598\" class=\"more-link\"><span class=\"screen-reader-text\">Datenschutzhinweis f\u00fcr Teilnehmer der Bigband-AG und f\u00fcr Vereinsmitglieder der Coming Up Mittelrhein Jazzacademy<\/span> weiterlesen <span class=\"meta-nav\">&rarr;<\/span><\/a><\/p>\n","protected":false},"author":1,"featured_media":0,"parent":1596,"menu_order":0,"comment_status":"closed","ping_status":"closed","template":"","meta":{"footnotes":""},"class_list":["post-1598","page","type-page","status-publish","hentry"],"_links":{"self":[{"href":"https:\/\/coming-up.net\/index.php?rest_route=\/wp\/v2\/pages\/1598","targetHints":{"allow":["GET"]}}],"collection":[{"href":"https:\/\/coming-up.net\/index.php?rest_route=\/wp\/v2\/pages"}],"about":[{"href":"https:\/\/coming-up.net\/index.php?rest_route=\/wp\/v2\/types\/page"}],"author":[{"embeddable":true,"href":"https:\/\/coming-up.net\/index.php?rest_route=\/wp\/v2\/users\/1"}],"replies":[{"embeddable":true,"href":"https:\/\/coming-up.net\/index.php?rest_route=%2Fwp%2Fv2%2Fcomments&post=1598"}],"version-history":[{"count":5,"href":"https:\/\/coming-up.net\/index.php?rest_route=\/wp\/v2\/pages\/1598\/revisions"}],"predecessor-version":[{"id":2776,"href":"https:\/\/coming-up.net\/index.php?rest_route=\/wp\/v2\/pages\/1598\/revisions\/2776"}],"up":[{"embeddable":true,"href":"https:\/\/coming-up.net\/index.php?rest_route=\/wp\/v2\/pages\/1596"}],"wp:attachment":[{"href":"https:\/\/coming-up.net\/index.php?rest_route=%2Fwp%2Fv2%2Fmedia&parent=1598"}],"curies":[{"name":"wp","href":"https:\/\/api.w.org\/{rel}","templated":true}]}}