{"id":1462,"date":"2018-07-06T22:55:54","date_gmt":"2018-07-06T20:55:54","guid":{"rendered":"https:\/\/coming-up.net\/?page_id=1462"},"modified":"2018-07-06T22:55:54","modified_gmt":"2018-07-06T20:55:54","slug":"2-generation-1995-1998","status":"publish","type":"page","link":"https:\/\/coming-up.net\/?page_id=1462","title":{"rendered":"2. Generation &#8211; 1995-1998"},"content":{"rendered":"<p><a href=\"https:\/\/coming-up.net\/wp-content\/uploads\/trlcup.jpg\"><img loading=\"lazy\" decoding=\"async\" title=\"trlcup\" src=\"https:\/\/coming-up.net\/wp-content\/uploads\/trlcup.jpg\" alt=\"\" width=\"495\" height=\"2\" \/><\/a><\/p>\n<figure id=\"attachment_368\" class=\"wp-caption alignleft\"><a href=\"https:\/\/coming-up.net\/wp-content\/uploads\/2.-Generation.jpg\"><img loading=\"lazy\" decoding=\"async\" class=\"size-medium wp-image-368\" title=\"2. Generation\" src=\"https:\/\/coming-up.net\/wp-content\/uploads\/2.-Generation-300x198.jpg\" sizes=\"auto, (max-width: 300px) 100vw, 300px\" srcset=\"https:\/\/coming-up.net\/wp-content\/uploads\/2.-Generation-300x198.jpg 300w, https:\/\/coming-up.net\/wp-content\/uploads\/2.-Generation.jpg 754w\" alt=\"Vor dem World Trade Center - USA\" width=\"300\" height=\"198\" \/><\/a><figcaption class=\"wp-caption-text\">New Yorl City, World Trade Center \u2013 USA 1997<\/figcaption><\/figure>\n<p>&nbsp;<\/p>\n<p>&nbsp;<\/p>\n<p>&nbsp;<\/p>\n<p>&nbsp;<\/p>\n<p>&nbsp;<\/p>\n<p>&nbsp;<\/p>\n<table border=\"0\" width=\"342\" cellspacing=\"0\" cellpadding=\"0\">\n<colgroup>\n<col width=\"130\" \/>\n<col width=\"115\" \/>\n<col width=\"73\" \/> <\/colgroup>\n<tbody>\n<tr>\n<td width=\"130\" height=\"17\">\n<h3>2. Generation<\/h3>\n<\/td>\n<td width=\"115\">\n<h3>1995-1998<\/h3>\n<\/td>\n<td width=\"73\"><\/td>\n<\/tr>\n<tr>\n<td width=\"130\" height=\"17\">Position<\/td>\n<td width=\"115\">Nachname<\/td>\n<td width=\"73\">Vorname<\/td>\n<\/tr>\n<tr>\n<td width=\"130\" height=\"17\"><\/td>\n<td width=\"115\"><\/td>\n<td width=\"73\"><\/td>\n<\/tr>\n<tr>\n<td width=\"130\" height=\"17\">Alt-Saxophon 1<\/td>\n<td width=\"115\">Ackermann<\/td>\n<td width=\"73\">Christina<\/td>\n<\/tr>\n<tr>\n<td width=\"130\" height=\"17\">Alt-Saxophon 2<\/td>\n<td width=\"115\">Klauer<\/td>\n<td width=\"73\">Kathrin<\/td>\n<\/tr>\n<tr>\n<td width=\"130\" height=\"17\">Bariton-Saxophon<\/td>\n<td width=\"115\">Kl\u00f6ppel<\/td>\n<td width=\"73\">Anne<\/td>\n<\/tr>\n<tr>\n<td width=\"130\" height=\"17\">Tenor-Saxophon 1<\/td>\n<td width=\"115\">Langshausen<\/td>\n<td width=\"73\">Tobias<\/td>\n<\/tr>\n<tr>\n<td width=\"130\" height=\"17\">Tenor-Saxophon 2<\/td>\n<td width=\"115\">Geisel<\/td>\n<td width=\"73\">Nicole<\/td>\n<\/tr>\n<tr>\n<td width=\"130\" height=\"17\"><\/td>\n<td width=\"115\"><\/td>\n<td width=\"73\"><\/td>\n<\/tr>\n<tr>\n<td width=\"130\" height=\"17\">Fl\u00f6te<\/td>\n<td width=\"115\">Pohl<\/td>\n<td width=\"73\">Nicole<\/td>\n<\/tr>\n<tr>\n<td width=\"130\" height=\"17\">Fl\u00f6te<\/td>\n<td width=\"115\">Schneider<\/td>\n<td width=\"73\">Kerstin<\/td>\n<\/tr>\n<tr>\n<td width=\"130\" height=\"17\">Fl\u00f6te<\/td>\n<td width=\"115\">Hohl<\/td>\n<td width=\"73\">Stefanie<\/td>\n<\/tr>\n<tr>\n<td width=\"130\" height=\"17\"><\/td>\n<td width=\"115\"><\/td>\n<td width=\"73\"><\/td>\n<\/tr>\n<tr>\n<td width=\"130\" height=\"17\">Trompete 1<\/td>\n<td width=\"115\">B\u00f6rner<\/td>\n<td width=\"73\">Bj\u00f6rn<\/td>\n<\/tr>\n<tr>\n<td width=\"130\" height=\"17\">Trompete 2<\/td>\n<td width=\"115\">Zorbach<\/td>\n<td width=\"73\">J\u00f6rg<\/td>\n<\/tr>\n<tr>\n<td width=\"130\" height=\"17\">Trompete 3<\/td>\n<td width=\"115\">Heuser<\/td>\n<td width=\"73\">Anke<\/td>\n<\/tr>\n<tr>\n<td width=\"130\" height=\"17\">Trompete 4<\/td>\n<td width=\"115\">Enz<\/td>\n<td width=\"73\">Robert<\/td>\n<\/tr>\n<tr>\n<td width=\"130\" height=\"17\"><\/td>\n<td width=\"115\"><\/td>\n<td width=\"73\"><\/td>\n<\/tr>\n<tr>\n<td width=\"130\" height=\"17\">Posaune 1<\/td>\n<td width=\"115\">Schweickart<\/td>\n<td width=\"73\">Oliver<\/td>\n<\/tr>\n<tr>\n<td width=\"130\" height=\"17\">Posaune 2<\/td>\n<td width=\"115\">Stutzmann<\/td>\n<td width=\"73\">Daniel<\/td>\n<\/tr>\n<tr>\n<td width=\"130\" height=\"17\">Posaune 3<\/td>\n<td width=\"115\">Schmidt<\/td>\n<td width=\"73\">Nadja<\/td>\n<\/tr>\n<tr>\n<td width=\"130\" height=\"17\">Posaune 3<\/td>\n<td width=\"115\">Martin<\/td>\n<td width=\"73\">Anne<\/td>\n<\/tr>\n<tr>\n<td width=\"130\" height=\"17\">Posaune 4<\/td>\n<td width=\"115\">Dennert<\/td>\n<td width=\"73\">Christian<\/td>\n<\/tr>\n<tr>\n<td width=\"130\" height=\"17\"><\/td>\n<td width=\"115\"><\/td>\n<td width=\"73\"><\/td>\n<\/tr>\n<tr>\n<td width=\"130\" height=\"17\">Bass<\/td>\n<td width=\"115\">Z\u00f6ller<\/td>\n<td width=\"73\">Katrin<\/td>\n<\/tr>\n<tr>\n<td width=\"130\" height=\"17\">Gitarre<\/td>\n<td width=\"115\">Wirtz<\/td>\n<td width=\"73\">Daniel<\/td>\n<\/tr>\n<tr>\n<td width=\"130\" height=\"17\">Piano<\/td>\n<td width=\"115\">Weidenbruch<\/td>\n<td width=\"73\">Burkhard<\/td>\n<\/tr>\n<tr>\n<td width=\"130\" height=\"17\">Drums<\/td>\n<td width=\"115\">Preidl<\/td>\n<td width=\"73\">Sebastian<\/td>\n<\/tr>\n<tr>\n<td width=\"130\" height=\"17\"><\/td>\n<td width=\"115\"><\/td>\n<td width=\"73\"><\/td>\n<\/tr>\n<tr>\n<td width=\"130\" height=\"17\">Vocal<\/td>\n<td width=\"115\">Steinborn<\/td>\n<td width=\"73\">Britta<\/td>\n<\/tr>\n<\/tbody>\n<\/table>\n<div id=\"facebook_like\"><iframe src=\"http:\/\/www.facebook.com\/plugins\/like.php?href=https%3A%2F%2Fcoming-up.net%2F%3Fpage_id%3D1462&amp;layout=standard&amp;show_faces=true&amp;width=500&amp;action=like&amp;font=segoe+ui&amp;colorscheme=light&amp;height=80\" scrolling=\"no\" frameborder=\"0\" style=\"border:none; overflow:hidden; width:500px; height:80px;\" allowTransparency=\"true\"><\/iframe><\/div>","protected":false},"excerpt":{"rendered":"<p>New Yorl City, World Trade Center \u2013 USA 1997 &nbsp; &nbsp; &nbsp; &nbsp; &nbsp; &nbsp; 2. Generation 1995-1998 Position Nachname Vorname Alt-Saxophon 1 Ackermann Christina Alt-Saxophon 2 Klauer Kathrin Bariton-Saxophon Kl\u00f6ppel Anne Tenor-Saxophon 1 Langshausen Tobias Tenor-Saxophon 2 Geisel Nicole Fl\u00f6te Pohl Nicole Fl\u00f6te Schneider Kerstin Fl\u00f6te Hohl Stefanie Trompete 1 B\u00f6rner Bj\u00f6rn Trompete 2 &hellip; <a href=\"https:\/\/coming-up.net\/?page_id=1462\" class=\"more-link\"><span class=\"screen-reader-text\">2. Generation &#8211; 1995-1998<\/span> weiterlesen <span class=\"meta-nav\">&rarr;<\/span><\/a><\/p>\n","protected":false},"author":1,"featured_media":0,"parent":1413,"menu_order":2,"comment_status":"closed","ping_status":"closed","template":"","meta":{"footnotes":""},"class_list":["post-1462","page","type-page","status-publish","hentry"],"_links":{"self":[{"href":"https:\/\/coming-up.net\/index.php?rest_route=\/wp\/v2\/pages\/1462","targetHints":{"allow":["GET"]}}],"collection":[{"href":"https:\/\/coming-up.net\/index.php?rest_route=\/wp\/v2\/pages"}],"about":[{"href":"https:\/\/coming-up.net\/index.php?rest_route=\/wp\/v2\/types\/page"}],"author":[{"embeddable":true,"href":"https:\/\/coming-up.net\/index.php?rest_route=\/wp\/v2\/users\/1"}],"replies":[{"embeddable":true,"href":"https:\/\/coming-up.net\/index.php?rest_route=%2Fwp%2Fv2%2Fcomments&post=1462"}],"version-history":[{"count":1,"href":"https:\/\/coming-up.net\/index.php?rest_route=\/wp\/v2\/pages\/1462\/revisions"}],"predecessor-version":[{"id":1463,"href":"https:\/\/coming-up.net\/index.php?rest_route=\/wp\/v2\/pages\/1462\/revisions\/1463"}],"up":[{"embeddable":true,"href":"https:\/\/coming-up.net\/index.php?rest_route=\/wp\/v2\/pages\/1413"}],"wp:attachment":[{"href":"https:\/\/coming-up.net\/index.php?rest_route=%2Fwp%2Fv2%2Fmedia&parent=1462"}],"curies":[{"name":"wp","href":"https:\/\/api.w.org\/{rel}","templated":true}]}}