{"id":1460,"date":"2018-07-06T22:54:48","date_gmt":"2018-07-06T20:54:48","guid":{"rendered":"https:\/\/coming-up.net\/?page_id=1460"},"modified":"2018-07-06T22:54:48","modified_gmt":"2018-07-06T20:54:48","slug":"1-generation-1992-1994","status":"publish","type":"page","link":"https:\/\/coming-up.net\/?page_id=1460","title":{"rendered":"1. Generation &#8211; 1992-1994"},"content":{"rendered":"<h3><a href=\"https:\/\/coming-up.net\/wp-content\/uploads\/trlcup.jpg\"><img loading=\"lazy\" decoding=\"async\" title=\"trlcup\" src=\"https:\/\/coming-up.net\/wp-content\/uploads\/trlcup.jpg\" alt=\"\" width=\"495\" height=\"2\" \/><\/a><\/h3>\n<figure id=\"attachment_367\" class=\"wp-caption alignleft\"><a href=\"https:\/\/coming-up.net\/wp-content\/uploads\/1.-Generation.jpg\"><img loading=\"lazy\" decoding=\"async\" class=\"size-medium wp-image-367\" title=\"1. Generation\" src=\"https:\/\/coming-up.net\/wp-content\/uploads\/1.-Generation-300x204.jpg\" sizes=\"auto, (max-width: 300px) 100vw, 300px\" srcset=\"https:\/\/coming-up.net\/wp-content\/uploads\/1.-Generation-300x204.jpg 300w, https:\/\/coming-up.net\/wp-content\/uploads\/1.-Generation.jpg 729w\" alt=\"\" width=\"300\" height=\"204\" \/><\/a><figcaption class=\"wp-caption-text\">Makkum, Niederlande 1994<\/figcaption><\/figure>\n<p>&nbsp;<\/p>\n<p>&nbsp;<\/p>\n<p>&nbsp;<\/p>\n<p>&nbsp;<\/p>\n<p>&nbsp;<\/p>\n<table border=\"0\" width=\"337\" cellspacing=\"0\" cellpadding=\"0\">\n<colgroup>\n<col width=\"130\" \/>\n<col width=\"115\" \/>\n<col width=\"73\" \/> <\/colgroup>\n<tbody>\n<tr>\n<td width=\"130\" height=\"17\"><\/td>\n<td width=\"115\"><\/td>\n<td width=\"73\"><\/td>\n<\/tr>\n<tr>\n<td width=\"130\" height=\"17\">\n<h4><strong>1. Generation<\/strong><\/h4>\n<\/td>\n<td width=\"115\">\n<h4><strong>1992-1994<\/strong><\/h4>\n<\/td>\n<td width=\"73\"><\/td>\n<\/tr>\n<tr>\n<td width=\"130\" height=\"17\">Position<\/td>\n<td width=\"115\">Nachname<\/td>\n<td width=\"73\">Vorname<\/td>\n<\/tr>\n<tr>\n<td width=\"130\" height=\"17\">Alt-Saxophon 1<\/td>\n<td width=\"115\">Dettmer<\/td>\n<td width=\"73\">Markus<\/td>\n<\/tr>\n<tr>\n<td width=\"130\" height=\"17\">Alt-Saxophon 2<\/td>\n<td width=\"115\">Scheerer<\/td>\n<td width=\"73\">Sandra<\/td>\n<\/tr>\n<tr>\n<td width=\"130\" height=\"17\">Bariton-Saxophon<\/td>\n<td width=\"115\">Kl\u00f6ppel<\/td>\n<td width=\"73\">Anne<\/td>\n<\/tr>\n<tr>\n<td width=\"130\" height=\"17\">Bariton-Saxophon<\/td>\n<td width=\"115\">Feldpausch<\/td>\n<td width=\"73\">Tina<\/td>\n<\/tr>\n<tr>\n<td width=\"130\" height=\"17\">Tenor-Saxophon 1<\/td>\n<td width=\"115\">Kremper<\/td>\n<td width=\"73\">Nicole<\/td>\n<\/tr>\n<tr>\n<td width=\"130\" height=\"17\">Tenor-Saxophon 2<\/td>\n<td width=\"115\">G\u00f6tz<\/td>\n<td width=\"73\">Sabine<\/td>\n<\/tr>\n<tr>\n<td width=\"130\" height=\"17\"><\/td>\n<td width=\"115\"><\/td>\n<td width=\"73\"><\/td>\n<\/tr>\n<tr>\n<td width=\"130\" height=\"17\">Fl\u00f6te<\/td>\n<td width=\"115\">Hoffmann<\/td>\n<td width=\"73\">Eva<\/td>\n<\/tr>\n<tr>\n<td width=\"130\" height=\"17\"><\/td>\n<td width=\"115\"><\/td>\n<td width=\"73\"><\/td>\n<\/tr>\n<tr>\n<td width=\"130\" height=\"17\">Trompete 1<\/td>\n<td width=\"115\">Heuser<\/td>\n<td width=\"73\">Andy<\/td>\n<\/tr>\n<tr>\n<td width=\"130\" height=\"17\">Trompete 2<\/td>\n<td width=\"115\">Fr\u00f6lich<\/td>\n<td width=\"73\">Sabine<\/td>\n<\/tr>\n<tr>\n<td width=\"130\" height=\"17\">Trompete 3<\/td>\n<td width=\"115\">Zorbach<\/td>\n<td width=\"73\">Dirk<\/td>\n<\/tr>\n<tr>\n<td width=\"130\" height=\"17\">Trompete 4<\/td>\n<td width=\"115\">Klauer<\/td>\n<td width=\"73\">Martin<\/td>\n<\/tr>\n<tr>\n<td width=\"130\" height=\"17\"><\/td>\n<td width=\"115\"><\/td>\n<td width=\"73\"><\/td>\n<\/tr>\n<tr>\n<td width=\"130\" height=\"17\">Posaune 1<\/td>\n<td width=\"115\">Lothrop<\/td>\n<td width=\"73\">Kerry<\/td>\n<\/tr>\n<tr>\n<td width=\"130\" height=\"17\">Posaune 2<\/td>\n<td width=\"115\">WeidenbruchAndre<\/td>\n<td width=\"73\">BurkhardLink<\/td>\n<\/tr>\n<tr>\n<td width=\"130\" height=\"17\">Posaune 3<\/td>\n<td width=\"115\">R\u00fcdel<\/td>\n<td width=\"73\">Michael<\/td>\n<\/tr>\n<tr>\n<td width=\"130\" height=\"17\">Posaune 4<\/td>\n<td width=\"115\">Ternes<\/td>\n<td width=\"73\">Thomas<\/td>\n<\/tr>\n<tr>\n<td width=\"130\" height=\"17\"><\/td>\n<td width=\"115\"><\/td>\n<td width=\"73\"><\/td>\n<\/tr>\n<tr>\n<td width=\"130\" height=\"17\"><\/td>\n<td width=\"115\"><\/td>\n<td width=\"73\"><\/td>\n<\/tr>\n<tr>\n<td width=\"130\" height=\"17\">Bass<\/td>\n<td width=\"115\">Schmidt<\/td>\n<td width=\"73\">Thorsten<\/td>\n<\/tr>\n<tr>\n<td width=\"130\" height=\"17\">Piano<\/td>\n<td width=\"115\">Holzh\u00e4user<\/td>\n<td width=\"73\">Eva-Maria<\/td>\n<\/tr>\n<tr>\n<td width=\"130\" height=\"17\">Drums<\/td>\n<\/tr>\n<\/tbody>\n<\/table>\n<div id=\"facebook_like\"><iframe loading=\"lazy\" src=\"http:\/\/www.facebook.com\/plugins\/like.php?href=https%3A%2F%2Fwww.coming-up.net%2F%3Fpage_id%3D1413&amp;layout=standard&amp;show_faces=true&amp;width=500&amp;action=like&amp;font=segoe+ui&amp;colorscheme=light&amp;height=80\" width=\"300\" height=\"150\" frameborder=\"0\" scrolling=\"no\" data-mce-fragment=\"1\"><\/iframe><\/div>\n<div id=\"facebook_like\"><iframe src=\"http:\/\/www.facebook.com\/plugins\/like.php?href=https%3A%2F%2Fcoming-up.net%2F%3Fpage_id%3D1460&amp;layout=standard&amp;show_faces=true&amp;width=500&amp;action=like&amp;font=segoe+ui&amp;colorscheme=light&amp;height=80\" scrolling=\"no\" frameborder=\"0\" style=\"border:none; overflow:hidden; width:500px; height:80px;\" allowTransparency=\"true\"><\/iframe><\/div>","protected":false},"excerpt":{"rendered":"<p>Makkum, Niederlande 1994 &nbsp; &nbsp; &nbsp; &nbsp; &nbsp; 1. Generation 1992-1994 Position Nachname Vorname Alt-Saxophon 1 Dettmer Markus Alt-Saxophon 2 Scheerer Sandra Bariton-Saxophon Kl\u00f6ppel Anne Bariton-Saxophon Feldpausch Tina Tenor-Saxophon 1 Kremper Nicole Tenor-Saxophon 2 G\u00f6tz Sabine Fl\u00f6te Hoffmann Eva Trompete 1 Heuser Andy Trompete 2 Fr\u00f6lich Sabine Trompete 3 Zorbach Dirk Trompete 4 Klauer Martin &hellip; <a href=\"https:\/\/coming-up.net\/?page_id=1460\" class=\"more-link\"><span class=\"screen-reader-text\">1. Generation &#8211; 1992-1994<\/span> weiterlesen <span class=\"meta-nav\">&rarr;<\/span><\/a><\/p>\n","protected":false},"author":1,"featured_media":0,"parent":1413,"menu_order":1,"comment_status":"closed","ping_status":"closed","template":"","meta":{"footnotes":""},"class_list":["post-1460","page","type-page","status-publish","hentry"],"_links":{"self":[{"href":"https:\/\/coming-up.net\/index.php?rest_route=\/wp\/v2\/pages\/1460","targetHints":{"allow":["GET"]}}],"collection":[{"href":"https:\/\/coming-up.net\/index.php?rest_route=\/wp\/v2\/pages"}],"about":[{"href":"https:\/\/coming-up.net\/index.php?rest_route=\/wp\/v2\/types\/page"}],"author":[{"embeddable":true,"href":"https:\/\/coming-up.net\/index.php?rest_route=\/wp\/v2\/users\/1"}],"replies":[{"embeddable":true,"href":"https:\/\/coming-up.net\/index.php?rest_route=%2Fwp%2Fv2%2Fcomments&post=1460"}],"version-history":[{"count":1,"href":"https:\/\/coming-up.net\/index.php?rest_route=\/wp\/v2\/pages\/1460\/revisions"}],"predecessor-version":[{"id":1461,"href":"https:\/\/coming-up.net\/index.php?rest_route=\/wp\/v2\/pages\/1460\/revisions\/1461"}],"up":[{"embeddable":true,"href":"https:\/\/coming-up.net\/index.php?rest_route=\/wp\/v2\/pages\/1413"}],"wp:attachment":[{"href":"https:\/\/coming-up.net\/index.php?rest_route=%2Fwp%2Fv2%2Fmedia&parent=1460"}],"curies":[{"name":"wp","href":"https:\/\/api.w.org\/{rel}","templated":true}]}}