{"id":1453,"date":"2018-07-06T22:53:10","date_gmt":"2018-07-06T20:53:10","guid":{"rendered":"https:\/\/coming-up.net\/?page_id=1453"},"modified":"2018-07-06T22:56:22","modified_gmt":"2018-07-06T20:56:22","slug":"3-generation-1998-2001","status":"publish","type":"page","link":"https:\/\/coming-up.net\/?page_id=1453","title":{"rendered":"3. Generation &#8211; 1998-2001"},"content":{"rendered":"<h3><a href=\"https:\/\/coming-up.net\/wp-content\/uploads\/trlcup.jpg\"><img loading=\"lazy\" decoding=\"async\" title=\"trlcup\" src=\"https:\/\/coming-up.net\/wp-content\/uploads\/trlcup.jpg\" alt=\"\" width=\"495\" height=\"2\" \/><\/a><\/h3>\n<figure id=\"attachment_369\" class=\"wp-caption alignleft\"><a href=\"https:\/\/coming-up.net\/wp-content\/uploads\/3.Generation.jpg\"><img loading=\"lazy\" decoding=\"async\" class=\"size-medium wp-image-369\" title=\"3.Generation\" src=\"https:\/\/coming-up.net\/wp-content\/uploads\/3.Generation-300x179.jpg\" sizes=\"auto, (max-width: 300px) 100vw, 300px\" srcset=\"https:\/\/coming-up.net\/wp-content\/uploads\/3.Generation-300x179.jpg 300w, https:\/\/coming-up.net\/wp-content\/uploads\/3.Generation-1024x611.jpg 1024w, https:\/\/coming-up.net\/wp-content\/uploads\/3.Generation.jpg 1441w\" alt=\"\" width=\"300\" height=\"179\" \/><\/a><figcaption class=\"wp-caption-text\">J\u00e9ju \u2013 S\u00fcdkorea 2001<\/figcaption><\/figure>\n<table border=\"0\" width=\"320\" cellspacing=\"0\" cellpadding=\"0\">\n<colgroup>\n<col width=\"130\" \/>\n<col width=\"115\" \/>\n<col width=\"73\" \/> <\/colgroup>\n<tbody>\n<tr>\n<td width=\"130\" height=\"17\">\n<h3>3. Generation<\/h3>\n<\/td>\n<td width=\"115\">\n<h3>1998-2001<\/h3>\n<\/td>\n<td width=\"73\"><\/td>\n<\/tr>\n<tr>\n<td width=\"130\" height=\"17\">Position<\/td>\n<td width=\"115\">Nachname<\/td>\n<td width=\"73\">Vorname<\/td>\n<\/tr>\n<tr>\n<td width=\"130\" height=\"17\"><\/td>\n<td width=\"115\"><\/td>\n<td width=\"73\"><\/td>\n<\/tr>\n<tr>\n<td width=\"130\" height=\"17\">Alt-Saxophon 1<\/td>\n<td width=\"115\">K\u00f6nig<\/td>\n<td width=\"73\">Anna<\/td>\n<\/tr>\n<tr>\n<td width=\"130\" height=\"17\">Alt-Saxophon 2<\/td>\n<td width=\"115\">Hoffmann<\/td>\n<td width=\"73\">Barbara<\/td>\n<\/tr>\n<tr>\n<td width=\"130\" height=\"17\">Bariton-Saxophon<\/td>\n<td width=\"115\">Dillenberger<\/td>\n<td width=\"73\">Silja<\/td>\n<\/tr>\n<tr>\n<td width=\"130\" height=\"17\">Tenor-Saxophon 1<\/td>\n<td width=\"115\">Zerwas<\/td>\n<td width=\"73\">Tanja<\/td>\n<\/tr>\n<tr>\n<td width=\"130\" height=\"17\">Tenor-Saxophon 2<\/td>\n<td width=\"115\">Holl<\/td>\n<td width=\"73\">Juliane<\/td>\n<\/tr>\n<tr>\n<td width=\"130\" height=\"17\"><\/td>\n<td width=\"115\"><\/td>\n<td width=\"73\"><\/td>\n<\/tr>\n<tr>\n<td width=\"130\" height=\"17\">Fl\u00f6te<\/td>\n<td width=\"115\">Ackermann<\/td>\n<td width=\"73\">Katrin<\/td>\n<\/tr>\n<tr>\n<td width=\"130\" height=\"17\"><\/td>\n<td width=\"115\"><\/td>\n<td width=\"73\"><\/td>\n<\/tr>\n<tr>\n<td width=\"130\" height=\"17\">Trompete 1<\/td>\n<td width=\"115\">Becker<\/td>\n<td width=\"73\">Timo<\/td>\n<\/tr>\n<tr>\n<td width=\"130\" height=\"17\">Trompete 2<\/td>\n<td width=\"115\">Stahl<\/td>\n<td width=\"73\">Daniel<\/td>\n<\/tr>\n<tr>\n<td width=\"130\" height=\"17\">Trompete 3<\/td>\n<td width=\"115\">Hi\u00dfnauer<\/td>\n<td width=\"73\">Christina<\/td>\n<\/tr>\n<tr>\n<td width=\"130\" height=\"17\">Trompete 4<\/td>\n<td width=\"115\">Maier<\/td>\n<td width=\"73\">Christoph<\/td>\n<\/tr>\n<tr>\n<td width=\"130\" height=\"17\"><\/td>\n<td width=\"115\"><\/td>\n<td width=\"73\"><\/td>\n<\/tr>\n<tr>\n<td width=\"130\" height=\"17\">Posaune 1<\/td>\n<td width=\"115\">Fr\u00f6lich<\/td>\n<td width=\"73\">Bernd<\/td>\n<\/tr>\n<tr>\n<td width=\"130\" height=\"17\">Posaune 2<\/td>\n<td width=\"115\">Stutzmann<\/td>\n<td width=\"73\">Daniel<\/td>\n<\/tr>\n<tr>\n<td width=\"130\" height=\"17\">Posaune 3<\/td>\n<td width=\"115\">Stahl<\/td>\n<td width=\"73\">Martin<\/td>\n<\/tr>\n<tr>\n<td width=\"130\" height=\"17\">Posaune 4<\/td>\n<td width=\"115\">Sopp<\/td>\n<td width=\"73\">Arne<\/td>\n<\/tr>\n<tr>\n<td width=\"130\" height=\"17\">Posaune 4<\/td>\n<td width=\"115\">Rohlinger<\/td>\n<td width=\"73\">Thomas<\/td>\n<\/tr>\n<tr>\n<td width=\"130\" height=\"17\"><\/td>\n<td width=\"115\"><\/td>\n<td width=\"73\"><\/td>\n<\/tr>\n<tr>\n<td width=\"130\" height=\"17\">Bass<\/td>\n<td width=\"115\">Lamby<\/td>\n<td width=\"73\">Dominik<\/td>\n<\/tr>\n<tr>\n<td width=\"130\" height=\"17\">Gitarre<\/td>\n<td width=\"115\">Kern<\/td>\n<td width=\"73\">Christian<\/td>\n<\/tr>\n<tr>\n<td width=\"130\" height=\"17\">Gitarre<\/td>\n<td width=\"115\">Kratz<\/td>\n<td width=\"73\">Norman<\/td>\n<\/tr>\n<tr>\n<td width=\"130\" height=\"17\">Piano<\/td>\n<td width=\"115\">Weidenbruch<\/td>\n<td width=\"73\">Burkhard<\/td>\n<\/tr>\n<tr>\n<td width=\"130\" height=\"17\">Drums<\/td>\n<td width=\"115\">Preidl<\/td>\n<td width=\"73\">Sebastian<\/td>\n<\/tr>\n<tr>\n<td width=\"130\" height=\"17\">Drums<\/td>\n<td width=\"115\">Knauf<\/td>\n<td width=\"73\">Alexander<\/td>\n<\/tr>\n<tr>\n<td width=\"130\" height=\"34\">Drums<\/td>\n<td width=\"115\">Wolf<\/td>\n<td width=\"73\">Wolf-Kristian<\/td>\n<\/tr>\n<tr>\n<td width=\"130\" height=\"17\"><\/td>\n<td width=\"115\"><\/td>\n<td width=\"73\"><\/td>\n<\/tr>\n<tr>\n<td width=\"130\" height=\"17\">Vocal<\/td>\n<td width=\"115\">Velich<\/td>\n<td width=\"73\">Natalie<\/td>\n<\/tr>\n<tr>\n<td width=\"130\" height=\"17\">Vocal<\/td>\n<td width=\"115\">Schwarz<\/td>\n<td width=\"73\">Jessica<\/td>\n<\/tr>\n<\/tbody>\n<\/table>\n<div id=\"facebook_like\"><\/div>\n<div id=\"facebook_like\"><iframe src=\"http:\/\/www.facebook.com\/plugins\/like.php?href=https%3A%2F%2Fcoming-up.net%2F%3Fpage_id%3D1453&amp;layout=standard&amp;show_faces=true&amp;width=500&amp;action=like&amp;font=segoe+ui&amp;colorscheme=light&amp;height=80\" scrolling=\"no\" frameborder=\"0\" style=\"border:none; overflow:hidden; width:500px; height:80px;\" allowTransparency=\"true\"><\/iframe><\/div>","protected":false},"excerpt":{"rendered":"<p>J\u00e9ju \u2013 S\u00fcdkorea 2001 3. Generation 1998-2001 Position Nachname Vorname Alt-Saxophon 1 K\u00f6nig Anna Alt-Saxophon 2 Hoffmann Barbara Bariton-Saxophon Dillenberger Silja Tenor-Saxophon 1 Zerwas Tanja Tenor-Saxophon 2 Holl Juliane Fl\u00f6te Ackermann Katrin Trompete 1 Becker Timo Trompete 2 Stahl Daniel Trompete 3 Hi\u00dfnauer Christina Trompete 4 Maier Christoph Posaune 1 Fr\u00f6lich Bernd Posaune 2 Stutzmann &hellip; <a href=\"https:\/\/coming-up.net\/?page_id=1453\" class=\"more-link\"><span class=\"screen-reader-text\">3. Generation &#8211; 1998-2001<\/span> weiterlesen <span class=\"meta-nav\">&rarr;<\/span><\/a><\/p>\n","protected":false},"author":1,"featured_media":0,"parent":1413,"menu_order":3,"comment_status":"closed","ping_status":"closed","template":"","meta":{"footnotes":""},"class_list":["post-1453","page","type-page","status-publish","hentry"],"_links":{"self":[{"href":"https:\/\/coming-up.net\/index.php?rest_route=\/wp\/v2\/pages\/1453","targetHints":{"allow":["GET"]}}],"collection":[{"href":"https:\/\/coming-up.net\/index.php?rest_route=\/wp\/v2\/pages"}],"about":[{"href":"https:\/\/coming-up.net\/index.php?rest_route=\/wp\/v2\/types\/page"}],"author":[{"embeddable":true,"href":"https:\/\/coming-up.net\/index.php?rest_route=\/wp\/v2\/users\/1"}],"replies":[{"embeddable":true,"href":"https:\/\/coming-up.net\/index.php?rest_route=%2Fwp%2Fv2%2Fcomments&post=1453"}],"version-history":[{"count":3,"href":"https:\/\/coming-up.net\/index.php?rest_route=\/wp\/v2\/pages\/1453\/revisions"}],"predecessor-version":[{"id":1464,"href":"https:\/\/coming-up.net\/index.php?rest_route=\/wp\/v2\/pages\/1453\/revisions\/1464"}],"up":[{"embeddable":true,"href":"https:\/\/coming-up.net\/index.php?rest_route=\/wp\/v2\/pages\/1413"}],"wp:attachment":[{"href":"https:\/\/coming-up.net\/index.php?rest_route=%2Fwp%2Fv2%2Fmedia&parent=1453"}],"curies":[{"name":"wp","href":"https:\/\/api.w.org\/{rel}","templated":true}]}}