{"id":1446,"date":"2018-07-06T22:49:13","date_gmt":"2018-07-06T20:49:13","guid":{"rendered":"https:\/\/coming-up.net\/?page_id=1446"},"modified":"2018-07-06T22:57:20","modified_gmt":"2018-07-06T20:57:20","slug":"6-generation-2008-2012","status":"publish","type":"page","link":"https:\/\/coming-up.net\/?page_id=1446","title":{"rendered":"6. Generation &#8211; 2008-2012"},"content":{"rendered":"<p><a href=\"https:\/\/coming-up.net\/wp-content\/uploads\/trlcup.jpg\"><img loading=\"lazy\" decoding=\"async\" class=\"alignleft size-full wp-image-135\" title=\"trlcup\" src=\"https:\/\/coming-up.net\/wp-content\/uploads\/trlcup.jpg\" alt=\"\" width=\"495\" height=\"2\" \/><\/a><\/p>\n<figure id=\"attachment_372\" class=\"wp-caption alignleft\"><figcaption class=\"wp-caption-text\"><\/figcaption><\/figure>\n<h3><\/h3>\n<p><a href=\"https:\/\/coming-up.net\/wp-content\/uploads\/6.-Generation.jpg\"><img loading=\"lazy\" decoding=\"async\" class=\"size-medium wp-image-372\" title=\"6. Generation\" src=\"https:\/\/coming-up.net\/wp-content\/uploads\/6.-Generation-300x178.jpg\" alt=\"\" width=\"300\" height=\"178\" srcset=\"https:\/\/coming-up.net\/wp-content\/uploads\/6.-Generation-300x178.jpg 300w, https:\/\/coming-up.net\/wp-content\/uploads\/6.-Generation-1024x608.jpg 1024w\" sizes=\"auto, (max-width: 300px) 100vw, 300px\" \/><\/a><\/p>\n<p>Kaub 2011<\/p>\n<table border=\"0\" width=\"343\" cellspacing=\"0\" cellpadding=\"0\">\n<colgroup>\n<col width=\"130\" \/>\n<col width=\"115\" \/>\n<col width=\"73\" \/> <\/colgroup>\n<tbody>\n<tr>\n<td width=\"115\">\n<h3>6. Generation<\/h3>\n<\/td>\n<td width=\"73\">\n<h3>2008-2012<\/h3>\n<\/td>\n<\/tr>\n<tr>\n<td width=\"130\" height=\"17\">Instrument<\/td>\n<td width=\"115\">Vorname<\/td>\n<td width=\"73\">Nachname<\/td>\n<\/tr>\n<tr>\n<td width=\"130\" height=\"17\">Fl\u00f6te<\/td>\n<td width=\"115\">Vanessa<\/td>\n<td width=\"73\">Br\u00f6der<\/td>\n<\/tr>\n<tr>\n<td width=\"130\" height=\"34\">Sax-Alt 1<\/td>\n<td width=\"115\">Julie<\/td>\n<td width=\"73\">Zimmermann<\/td>\n<\/tr>\n<tr>\n<td width=\"130\" height=\"17\">Sax-Alt 2<\/td>\n<td width=\"115\">Jessica<\/td>\n<td width=\"73\">Haupt<\/td>\n<\/tr>\n<tr>\n<td width=\"130\" height=\"17\">Sax-Alt 2<\/td>\n<td width=\"115\">Lennart<\/td>\n<td width=\"73\">Manthey<\/td>\n<\/tr>\n<tr>\n<td width=\"130\" height=\"17\">Sax-Bari<\/td>\n<td width=\"115\">Anna<\/td>\n<td width=\"73\">M\u00fcller<\/td>\n<\/tr>\n<tr>\n<td width=\"130\" height=\"17\">Sax-Ten 1<\/td>\n<td width=\"115\">Franziska<\/td>\n<td width=\"73\">Mertens<\/td>\n<\/tr>\n<tr>\n<td width=\"130\" height=\"17\">Sax-Ten 2<\/td>\n<td width=\"115\">Sebastian<\/td>\n<td width=\"73\">Herbst<\/td>\n<\/tr>\n<tr>\n<td width=\"130\" height=\"17\">Trompete 1<\/td>\n<td width=\"115\">Marko<\/td>\n<td width=\"73\">Mebus<\/td>\n<\/tr>\n<tr>\n<td width=\"130\" height=\"17\">Trompete 2<\/td>\n<td width=\"115\">Matthias<\/td>\n<td width=\"73\">Gittler<\/td>\n<\/tr>\n<tr>\n<td width=\"130\" height=\"17\">Trompete 3<\/td>\n<td width=\"115\">Hanna<\/td>\n<td width=\"73\">Mehl<\/td>\n<\/tr>\n<tr>\n<td width=\"130\" height=\"17\">Trompete 4<\/td>\n<td width=\"115\">Eva<\/td>\n<td width=\"73\">Leicher<\/td>\n<\/tr>\n<tr>\n<td width=\"130\" height=\"17\">Posaune 1<\/td>\n<td width=\"115\">Matthias<\/td>\n<td width=\"73\">Dittmayer<\/td>\n<\/tr>\n<tr>\n<td width=\"130\" height=\"17\">Posaune 2<\/td>\n<td width=\"115\">Kai<\/td>\n<td width=\"73\">M\u00fcller<\/td>\n<\/tr>\n<tr>\n<td width=\"130\" height=\"17\">Posaune 3<\/td>\n<td width=\"115\">Johanna<\/td>\n<td width=\"73\">M\u00fcller<\/td>\n<\/tr>\n<tr>\n<td width=\"130\" height=\"17\">Posaune 3<\/td>\n<td width=\"115\">Tilman<\/td>\n<td width=\"73\">Schneider<\/td>\n<\/tr>\n<tr>\n<td width=\"130\" height=\"17\">Posaune 4<\/td>\n<td width=\"115\">Lisa Alina<\/td>\n<td width=\"73\">Rudolf<\/td>\n<\/tr>\n<tr>\n<td width=\"130\" height=\"17\">Rhy-Git<\/td>\n<td width=\"115\">Marco<\/td>\n<td width=\"73\">G\u00fcllmann<\/td>\n<\/tr>\n<tr>\n<td width=\"130\" height=\"17\">Rhy-Git<\/td>\n<td width=\"115\">Vincent<\/td>\n<td width=\"73\">Sauerwein<\/td>\n<\/tr>\n<tr>\n<td width=\"130\" height=\"17\">Rhy-Piano<\/td>\n<td width=\"115\">Thao- Giang<\/td>\n<td width=\"73\">Nguyen<\/td>\n<\/tr>\n<tr>\n<td width=\"130\" height=\"17\">Rhy-Piano<\/td>\n<td width=\"115\">Konstantin<\/td>\n<td width=\"73\">Weigel<\/td>\n<\/tr>\n<tr>\n<td width=\"130\" height=\"17\">Rhy-Bass<\/td>\n<td width=\"115\">Valentin<\/td>\n<td width=\"73\">Kolar<\/td>\n<\/tr>\n<tr>\n<td width=\"130\" height=\"17\">Rhy-Bass<\/td>\n<td width=\"115\">Nicolai<\/td>\n<td width=\"73\">Schneider<\/td>\n<\/tr>\n<tr>\n<td width=\"130\" height=\"17\">Rhy-Drums<\/td>\n<td width=\"115\">Lukas<\/td>\n<td width=\"73\">Jost<\/td>\n<\/tr>\n<tr>\n<td width=\"130\" height=\"17\">Rhy-Drums<\/td>\n<td width=\"115\">Helge<\/td>\n<td width=\"73\">Sorg<\/td>\n<\/tr>\n<\/tbody>\n<\/table>\n<p><a href=\"https:\/\/coming-up.net\/wp-content\/uploads\/trlcup.jpg\"><img loading=\"lazy\" decoding=\"async\" class=\"alignleft size-full wp-image-135\" title=\"trlcup\" src=\"https:\/\/coming-up.net\/wp-content\/uploads\/trlcup.jpg\" alt=\"\" width=\"495\" height=\"2\" \/><\/a><\/p>\n<div id=\"facebook_like\"><iframe src=\"http:\/\/www.facebook.com\/plugins\/like.php?href=https%3A%2F%2Fcoming-up.net%2F%3Fpage_id%3D1446&amp;layout=standard&amp;show_faces=true&amp;width=500&amp;action=like&amp;font=segoe+ui&amp;colorscheme=light&amp;height=80\" scrolling=\"no\" frameborder=\"0\" style=\"border:none; overflow:hidden; width:500px; height:80px;\" allowTransparency=\"true\"><\/iframe><\/div>","protected":false},"excerpt":{"rendered":"<p>Kaub 2011 6. Generation 2008-2012 Instrument Vorname Nachname Fl\u00f6te Vanessa Br\u00f6der Sax-Alt 1 Julie Zimmermann Sax-Alt 2 Jessica Haupt Sax-Alt 2 Lennart Manthey Sax-Bari Anna M\u00fcller Sax-Ten 1 Franziska Mertens Sax-Ten 2 Sebastian Herbst Trompete 1 Marko Mebus Trompete 2 Matthias Gittler Trompete 3 Hanna Mehl Trompete 4 Eva Leicher Posaune 1 Matthias Dittmayer Posaune &hellip; <a href=\"https:\/\/coming-up.net\/?page_id=1446\" class=\"more-link\"><span class=\"screen-reader-text\">6. Generation &#8211; 2008-2012<\/span> weiterlesen <span class=\"meta-nav\">&rarr;<\/span><\/a><\/p>\n","protected":false},"author":1,"featured_media":0,"parent":1413,"menu_order":6,"comment_status":"closed","ping_status":"closed","template":"","meta":{"footnotes":""},"class_list":["post-1446","page","type-page","status-publish","hentry"],"_links":{"self":[{"href":"https:\/\/coming-up.net\/index.php?rest_route=\/wp\/v2\/pages\/1446","targetHints":{"allow":["GET"]}}],"collection":[{"href":"https:\/\/coming-up.net\/index.php?rest_route=\/wp\/v2\/pages"}],"about":[{"href":"https:\/\/coming-up.net\/index.php?rest_route=\/wp\/v2\/types\/page"}],"author":[{"embeddable":true,"href":"https:\/\/coming-up.net\/index.php?rest_route=\/wp\/v2\/users\/1"}],"replies":[{"embeddable":true,"href":"https:\/\/coming-up.net\/index.php?rest_route=%2Fwp%2Fv2%2Fcomments&post=1446"}],"version-history":[{"count":2,"href":"https:\/\/coming-up.net\/index.php?rest_route=\/wp\/v2\/pages\/1446\/revisions"}],"predecessor-version":[{"id":1467,"href":"https:\/\/coming-up.net\/index.php?rest_route=\/wp\/v2\/pages\/1446\/revisions\/1467"}],"up":[{"embeddable":true,"href":"https:\/\/coming-up.net\/index.php?rest_route=\/wp\/v2\/pages\/1413"}],"wp:attachment":[{"href":"https:\/\/coming-up.net\/index.php?rest_route=%2Fwp%2Fv2%2Fmedia&parent=1446"}],"curies":[{"name":"wp","href":"https:\/\/api.w.org\/{rel}","templated":true}]}}