{"id":1407,"date":"2018-07-06T22:10:34","date_gmt":"2018-07-06T20:10:34","guid":{"rendered":"https:\/\/coming-up.net\/?page_id=1407"},"modified":"2018-07-09T19:16:59","modified_gmt":"2018-07-09T17:16:59","slug":"preise","status":"publish","type":"page","link":"https:\/\/coming-up.net\/?page_id=1407","title":{"rendered":"Wettbewerbe"},"content":{"rendered":"<h3><a href=\"https:\/\/coming-up.net\/wp-content\/uploads\/trlcup.jpg\"><img loading=\"lazy\" decoding=\"async\" title=\"trlcup\" src=\"https:\/\/coming-up.net\/wp-content\/uploads\/trlcup.jpg\" alt=\"\" width=\"495\" height=\"2\" \/><\/a>Wettbewerbe\/Preise<\/h3>\n<p>2002: Skoda Jazzpreis &#8211; Sieger RLP<\/p>\n<p><a href=\"https:\/\/coming-up.net\/?p=489\">2011: Skoda Jazzpreis<\/a><\/p>\n<p><a href=\"https:\/\/coming-up.net\/?p=770\">2012: Bundesbegegnung Jugend Jazzt mit dem Skoda Jazzpreis: <\/a><\/p>\n<p><a href=\"https:\/\/coming-up.net\/?p=783\">Preis f\u00fcr die beste B\u00fchnenpr\u00e4sentation<\/a><\/p>\n<div id=\"facebook_like\"><iframe src=\"http:\/\/www.facebook.com\/plugins\/like.php?href=https%3A%2F%2Fcoming-up.net%2F%3Fpage_id%3D1407&amp;layout=standard&amp;show_faces=true&amp;width=500&amp;action=like&amp;font=segoe+ui&amp;colorscheme=light&amp;height=80\" scrolling=\"no\" frameborder=\"0\" style=\"border:none; overflow:hidden; width:500px; height:80px;\" allowTransparency=\"true\"><\/iframe><\/div>","protected":false},"excerpt":{"rendered":"<p>Wettbewerbe\/Preise 2002: Skoda Jazzpreis &#8211; Sieger RLP 2011: Skoda Jazzpreis 2012: Bundesbegegnung Jugend Jazzt mit dem Skoda Jazzpreis: Preis f\u00fcr die beste B\u00fchnenpr\u00e4sentation<\/p>\n","protected":false},"author":1,"featured_media":0,"parent":35,"menu_order":3,"comment_status":"closed","ping_status":"closed","template":"","meta":{"footnotes":""},"class_list":["post-1407","page","type-page","status-publish","hentry"],"_links":{"self":[{"href":"https:\/\/coming-up.net\/index.php?rest_route=\/wp\/v2\/pages\/1407","targetHints":{"allow":["GET"]}}],"collection":[{"href":"https:\/\/coming-up.net\/index.php?rest_route=\/wp\/v2\/pages"}],"about":[{"href":"https:\/\/coming-up.net\/index.php?rest_route=\/wp\/v2\/types\/page"}],"author":[{"embeddable":true,"href":"https:\/\/coming-up.net\/index.php?rest_route=\/wp\/v2\/users\/1"}],"replies":[{"embeddable":true,"href":"https:\/\/coming-up.net\/index.php?rest_route=%2Fwp%2Fv2%2Fcomments&post=1407"}],"version-history":[{"count":4,"href":"https:\/\/coming-up.net\/index.php?rest_route=\/wp\/v2\/pages\/1407\/revisions"}],"predecessor-version":[{"id":1561,"href":"https:\/\/coming-up.net\/index.php?rest_route=\/wp\/v2\/pages\/1407\/revisions\/1561"}],"up":[{"embeddable":true,"href":"https:\/\/coming-up.net\/index.php?rest_route=\/wp\/v2\/pages\/35"}],"wp:attachment":[{"href":"https:\/\/coming-up.net\/index.php?rest_route=%2Fwp%2Fv2%2Fmedia&parent=1407"}],"curies":[{"name":"wp","href":"https:\/\/api.w.org\/{rel}","templated":true}]}}