{"id":1401,"date":"2018-07-06T22:07:58","date_gmt":"2018-07-06T20:07:58","guid":{"rendered":"https:\/\/coming-up.net\/?page_id=1401"},"modified":"2024-08-21T11:32:15","modified_gmt":"2024-08-21T09:32:15","slug":"bandinfo","status":"publish","type":"page","link":"https:\/\/coming-up.net\/?page_id=1401","title":{"rendered":"Bandinfo"},"content":{"rendered":"\n<div class=\"entry-content\">\n<h3><a href=\"https:\/\/coming-up.net\/wp-content\/uploads\/trlcup.jpg\"><img loading=\"lazy\" decoding=\"async\" title=\"trlcup\" src=\"https:\/\/coming-up.net\/wp-content\/uploads\/trlcup.jpg\" alt=\"\" width=\"495\" height=\"2\"><\/a>Coming up<\/h3>\n<p><strong>Bigband des <a href=\"http:\/\/whg-web.de\/\">Wilhelm-Hofmann-Gymnasiums St. Goarshausen<\/a><\/strong><\/p>\n<\/div>\n\n\n\n<figure class=\"wp-block-image size-full\"><a href=\"https:\/\/coming-up.net\/wp-content\/uploads\/Coming_Up-1a.png\"><img loading=\"lazy\" decoding=\"async\" width=\"700\" height=\"452\" src=\"https:\/\/coming-up.net\/wp-content\/uploads\/Coming_Up-1a.png\" alt=\"\" class=\"wp-image-2413\" srcset=\"https:\/\/coming-up.net\/wp-content\/uploads\/Coming_Up-1a.png 700w, https:\/\/coming-up.net\/wp-content\/uploads\/Coming_Up-1a-300x194.png 300w\" sizes=\"auto, (max-width: 700px) 100vw, 700px\" \/><\/a><\/figure>\n\n\n<div class=\"wp-block-image\">\n<figure class=\"alignleft size-large\"><img loading=\"lazy\" decoding=\"async\" width=\"1024\" height=\"682\" src=\"https:\/\/coming-up.net\/wp-content\/uploads\/060322_1647_30JahreComi2-1024x682.jpg\" alt=\"\" class=\"wp-image-2202\" srcset=\"https:\/\/coming-up.net\/wp-content\/uploads\/060322_1647_30JahreComi2-1024x682.jpg 1024w, https:\/\/coming-up.net\/wp-content\/uploads\/060322_1647_30JahreComi2-300x200.jpg 300w, https:\/\/coming-up.net\/wp-content\/uploads\/060322_1647_30JahreComi2-768x512.jpg 768w, https:\/\/coming-up.net\/wp-content\/uploads\/060322_1647_30JahreComi2.jpg 1189w\" sizes=\"auto, (max-width: 1024px) 100vw, 1024px\" \/><figcaption class=\"wp-element-caption\">Jubil\u00e4ums-Konzert Loreley-Freilichtb\u00fchne 2022<\/figcaption><\/figure>\n<\/div>\n\n\n<p>Zusammen sind sie 340 Jahre alt \u2013 aber weil sie zwanzig Leute sind, sind sie doch wieder sehr jung ;-)! Und daf\u00fcr spielt die Bigband des Wilhelm-Hofmann-Gymnasiums St. Goarshausen schon ganz munter mit im Reigen der Gro\u00dfen,  immer sympathisch und mit Liebe zur Sache. Das zeigen die mehrmaligen Skoda-Jazzpreistr\u00e4ger in jeder Generation aufs Neue.<\/p>\n\n\n\n<p>Gespielt wird in der klassischen Bigband-Besetzung: 5 Saxophone, 4 Trompeten, 4 Posaunen, Piano, Bass, Gitarre, Schlagzeug, Percussion und je nach Bedarf mit Gesang.<br>Geprobt wird einmal in der Woche zwei Schulstunden, am Mittwoch Nachmittag und ein bis zweimal im Jahr an mehrt\u00e4gigen Probewochenenden. \u00dcber das Jahr verteilt finden \u00f6ffentliche Auftritte und Konzerte in der Region und Konzertreisen statt.<\/p>\n\n\n\n<p>Der Zusammenhalt innerhalb der Formation zeigt sich bei den alle 5 Jahre stattfindenden \u201eRevivals\u201c und in einem eigenen Ehemaligen-Verein, der \u201cComing Up \u2013 Mittelrhein Jazz Academy\u201c, der 2022 aus den Reihen der Coming Up-Ehemaligen zur Unterst\u00fctzung ihrer Schulband gegr\u00fcndet wurde.<\/p>\n\n\n\n<p>Im Welterbe Oberes Mittelrheintal will \u201eComing Up\u201c das Kulturerbe mit zeitgem\u00e4\u00dfem musikalischem Leben ausf\u00fcllen und so zur Weiterentwicklung der Region beitragen. Die Ehemaligen unterst\u00fctzen ebenso die Aktiven bei Auftritten in der Region.<\/p>\n\n\n\n<p>Unter Leitung ihres Lehrers Frank Reichert intoniert \u201eComing Up\u201c peppig-poppige Bigband-Variationen. Quer durch alle Stilrichtungen wird gegrooved und geswingt: von Swing Standards \u00fcber jazzig arrangierte Rock- und Pop Klassiker.<\/p>\n\n\n\n<p>Der Spa\u00df der \u201eEmpork\u00f6mmlinge\u201c \u00fcbertr\u00e4gt sich auf ihre H\u00f6rer, und deshalb bekommt \u201eComing Up\u201c die Note eins im Fach Musik.<\/p>\n<div id=\"facebook_like\"><iframe src=\"http:\/\/www.facebook.com\/plugins\/like.php?href=https%3A%2F%2Fcoming-up.net%2F%3Fpage_id%3D1401&amp;layout=standard&amp;show_faces=true&amp;width=500&amp;action=like&amp;font=segoe+ui&amp;colorscheme=light&amp;height=80\" scrolling=\"no\" frameborder=\"0\" style=\"border:none; overflow:hidden; width:500px; height:80px;\" allowTransparency=\"true\"><\/iframe><\/div>","protected":false},"excerpt":{"rendered":"<p>Coming up Bigband des Wilhelm-Hofmann-Gymnasiums St. Goarshausen Zusammen sind sie 340 Jahre alt \u2013 aber weil sie zwanzig Leute sind, sind sie doch wieder sehr jung ;-)! Und daf\u00fcr spielt die Bigband des Wilhelm-Hofmann-Gymnasiums St. Goarshausen schon ganz munter mit im Reigen der Gro\u00dfen, immer sympathisch und mit Liebe zur Sache. Das zeigen die mehrmaligen &hellip; <a href=\"https:\/\/coming-up.net\/?page_id=1401\" class=\"more-link\"><span class=\"screen-reader-text\">Bandinfo<\/span> weiterlesen <span class=\"meta-nav\">&rarr;<\/span><\/a><\/p>\n","protected":false},"author":1,"featured_media":0,"parent":11,"menu_order":1,"comment_status":"closed","ping_status":"closed","template":"","meta":{"footnotes":""},"class_list":["post-1401","page","type-page","status-publish","hentry"],"_links":{"self":[{"href":"https:\/\/coming-up.net\/index.php?rest_route=\/wp\/v2\/pages\/1401","targetHints":{"allow":["GET"]}}],"collection":[{"href":"https:\/\/coming-up.net\/index.php?rest_route=\/wp\/v2\/pages"}],"about":[{"href":"https:\/\/coming-up.net\/index.php?rest_route=\/wp\/v2\/types\/page"}],"author":[{"embeddable":true,"href":"https:\/\/coming-up.net\/index.php?rest_route=\/wp\/v2\/users\/1"}],"replies":[{"embeddable":true,"href":"https:\/\/coming-up.net\/index.php?rest_route=%2Fwp%2Fv2%2Fcomments&post=1401"}],"version-history":[{"count":8,"href":"https:\/\/coming-up.net\/index.php?rest_route=\/wp\/v2\/pages\/1401\/revisions"}],"predecessor-version":[{"id":2617,"href":"https:\/\/coming-up.net\/index.php?rest_route=\/wp\/v2\/pages\/1401\/revisions\/2617"}],"up":[{"embeddable":true,"href":"https:\/\/coming-up.net\/index.php?rest_route=\/wp\/v2\/pages\/11"}],"wp:attachment":[{"href":"https:\/\/coming-up.net\/index.php?rest_route=%2Fwp%2Fv2%2Fmedia&parent=1401"}],"curies":[{"name":"wp","href":"https:\/\/api.w.org\/{rel}","templated":true}]}}